{"id":60432,"date":"2023-05-16T10:53:36","date_gmt":"2023-05-16T10:53:36","guid":{"rendered":"http:\/\/192.168.0.134:10005\/?page_id=60432"},"modified":"2024-04-04T12:21:24","modified_gmt":"2024-04-04T12:21:24","slug":"home","status":"publish","type":"page","link":"https:\/\/www.fi-janousek.cz\/","title":{"rendered":"Home"},"content":{"rendered":"\t\t<div data-elementor-type=\"wp-page\" data-elementor-id=\"60432\" class=\"elementor elementor-60432\">\n\t\t\t\t\t\t<section class=\"default no-position show_shadow elementor-section elementor-top-section elementor-element elementor-element-f0e569a elementor-section-full_width elementor-section-content-middle banner-main elementor-section-height-default elementor-section-height-default\" data-id=\"f0e569a\" data-element_type=\"section\" data-settings=\"{&quot;background_background&quot;:&quot;classic&quot;}\">\n\t\t\t\t\t\t<div class=\"elementor-container elementor-column-gap-default\">\n\t\t\t\t\t<div class=\"elementor-column elementor-col-50 elementor-top-column elementor-element elementor-element-a20c3f8 first-column\" data-id=\"a20c3f8\" data-element_type=\"column\">\n\t\t\t<div class=\"elementor-widget-wrap elementor-element-populated\">\n\t\t\t\t\t\t<div class=\"elementor-element elementor-element-2e11d2f elementor-widget-mobile__width-initial elementor-invisible elementor-widget elementor-widget-rs-heading\" data-id=\"2e11d2f\" data-element_type=\"widget\" data-settings=\"{&quot;_animation&quot;:&quot;fadeInLeft&quot;}\" data-widget_type=\"rs-heading.default\">\n\t\t\t\t<div class=\"elementor-widget-container\">\n\t\t\t\t\t\n        <div class=\"prelements-heading style1 animate-default  normal_color  subnormal_color dots_yes subnormal_color\">\n        \t<div class=\"title-inner\">      \t\t\n\t            <span class=\"sub-text \">\/\/ pokr\u00fdva\u010dstv\u00ed, hydroizolace a klemp\u00ed\u0159stv\u00ed <\/span><h1 class=\"title\"><span class=\"watermark\"><\/span>Jsme experti, pokud \u0159e\u0161\u00edte st\u0159echu<\/h1>\t\t\t\t\n\t\t\t\t\t        <\/div>\n\t                    \t<div class=\"description\">\n            \t\t            \t\t<p>U n\u00e1s dostanete ve\u0161ker\u00e9 informace proto, aby Va\u0161e rozhodnut\u00ed sm\u011b\u0159ovalo k Va\u0161emu c\u00edli i v oboru, kter\u00e9mu patrn\u011b upln\u011b nerozum\u00edte. Jsme tu pro V\u00e1s....<\/p>  \n            \t<\/div>\n        \t        <\/div>\n        \t\t\t\t<\/div>\n\t\t\t\t<\/div>\n\t\t\t\t<div class=\"elementor-element elementor-element-16cc333 elementor-widget__width-auto elementor-invisible elementor-widget elementor-widget-rs-button\" data-id=\"16cc333\" data-element_type=\"widget\" data-settings=\"{&quot;_animation&quot;:&quot;fadeInLeft&quot;}\" data-widget_type=\"rs-button.default\">\n\t\t\t\t<div class=\"elementor-widget-container\">\n\t\t\t\t\t\r\n\t\t\t\t\t<div class=\"rs-btn style9 normal_color\">\r\n\t\t\t\t\t\t\t\t<a class=\"rs_button popup-none\" href=\"\" >\r\n\r\n\r\n\t\t\t\t\t\r\n\t\t\t\t\t\t\t\t\t\t<span class=\"btn_text \" data-btn-text=\"Kontaktujte n\u00e1s\">\r\n\t\t\t\t\t\r\n\t\t\t\t\t\tKontaktujte n\u00e1s\t\t\t\t\t\t\t\t\t\t\t<\/span>\r\n\r\n\t\t\t\t\t\t\t\t\t\t\t\t\t\t\t\t\t\t<svg xmlns=\"http:\/\/www.w3.org\/2000\/svg\" width=\"17\" height=\"16\" viewBox=\"0 0 17 16\" fill=\"none\"><path d=\"M16.1421 1C16.1421 0.447715 15.6944 2.55533e-07 15.1421 2.55533e-07L6.14214 2.55533e-07C5.58985 2.55533e-07 5.14214 0.447715 5.14214 1C5.14214 1.55228 5.58985 2 6.14214 2H14.1421V10C14.1421 10.5523 14.5899 11 15.1421 11C15.6944 11 16.1421 10.5523 16.1421 10L16.1421 1ZM1.70711 15.8492L15.8492 1.70711L14.435 0.292893L0.292893 14.435L1.70711 15.8492Z\" fill=\"#212020\"><\/path><\/svg>\t\t\t\t\t\t\t\t\t\t\t\t\t\t\t\t\t\t\t\t\t\t\t\t\t<\/a>\r\n\t\t\t<\/div> \r\n\t\t\r\n\t\t   \r\n\t\t\t\t\t<\/div>\n\t\t\t\t<\/div>\n\t\t\t\t\t<\/div>\n\t\t<\/div>\n\t\t\t\t<div class=\"elementor-column elementor-col-50 elementor-top-column elementor-element elementor-element-0b0864c\" data-id=\"0b0864c\" data-element_type=\"column\">\n\t\t\t<div class=\"elementor-widget-wrap elementor-element-populated\">\n\t\t\t\t\t\t<div class=\"elementor-element elementor-element-b476141 elementor-widget__width-auto elementor-widget elementor-widget-rs-image\" data-id=\"b476141\" data-element_type=\"widget\" data-widget_type=\"rs-image.default\">\n\t\t\t\t<div class=\"elementor-widget-container\">\n\t\t\t\t\t\n        <div class=\"rs-image  ruler_image_yes ruler_position_left\">\n                            <div class=\"ruler-image-anim\"><\/div>\n                                                            <img decoding=\"async\" class=\"rs-multi-image  reverse- blend_unset\" src=\"https:\/\/demo.rstheme.com\/wordpress\/roofio\/wp-content\/uploads\/2023\/05\/banner-ly-h4.jpg\" alt=\"image\"\/>\n                                                                        <\/div>   \n          \n    \t\t\t\t<\/div>\n\t\t\t\t<\/div>\n\t\t\t\t<div class=\"elementor-element elementor-element-ce03ded elementor-widget__width-auto elementor-invisible elementor-widget elementor-widget-rs-button\" data-id=\"ce03ded\" data-element_type=\"widget\" data-settings=\"{&quot;_animation&quot;:&quot;fadeInLeft&quot;}\" data-widget_type=\"rs-button.default\">\n\t\t\t\t<div class=\"elementor-widget-container\">\n\t\t\t\t\t\r\n\t\t\t\t\t<div class=\"rs-btn style9 normal_color\">\r\n\t\t\t\t\t\t\t\t<a class=\"rs_button popup-none\" href=\"http:\/\/www.fi-janousek.cz\/wp-content\/uploads\/2024\/04\/Plakat-A3_RES_Janousek-Martin2.jpg\" target=_blank>\r\n\r\n\r\n\t\t\t\t\t\r\n\t\t\t\t\t\t\t\t\t\t<span class=\"btn_text \" data-btn-text=\"FVE Petrovick\u00e1 134, \u00dast\u00ed nad Labem\">\r\n\t\t\t\t\t\r\n\t\t\t\t\t\tFVE Petrovick\u00e1 134, \u00dast\u00ed nad Labem\t\t\t\t\t\t\t\t\t\t\t<\/span>\r\n\r\n\t\t\t\t\t\t\t\t\t\t\t\t\t\t\t\t\t\t\t\t\t\t\t\t\t\t\t\t\t\t<\/a>\r\n\t\t\t<\/div> \r\n\t\t\r\n\t\t   \r\n\t\t\t\t\t<\/div>\n\t\t\t\t<\/div>\n\t\t\t\t<div class=\"elementor-element elementor-element-baed047 elementor-widget__width-initial elementor-absolute elementor-widget elementor-widget-rs-image\" data-id=\"baed047\" data-element_type=\"widget\" data-settings=\"{&quot;_position&quot;:&quot;absolute&quot;}\" data-widget_type=\"rs-image.default\">\n\t\t\t\t<div class=\"elementor-widget-container\">\n\t\t\t\t\t\n        <div class=\"rs-image yes ruler_image_no ruler_position_\">\n                                                            <img decoding=\"async\" class=\"rs-multi-image spin_style reverse- blend_unset\" src=\"http:\/\/www.fi-janousek.cz\/wp-content\/uploads\/2023\/08\/kolecko.png\" alt=\"image\"\/>\n                                            <div class=\"pop-wrap\">\n                            <div class=\"pop\"><\/div>\n                            <div class=\"pop\"><\/div>\n                            <div class=\"pop\"><\/div>\n                        <\/div>\n                                                                        <\/div>   \n          \n    \t\t\t\t<\/div>\n\t\t\t\t<\/div>\n\t\t\t\t\t<\/div>\n\t\t<\/div>\n\t\t\t\t\t<\/div>\n\t\t<\/section>\n\t\t\t\t<\/div>\n\t\t","protected":false},"excerpt":{"rendered":"<p>\/\/ pokr\u00fdva\u010dstv\u00ed, hydroizolace a klemp\u00ed\u0159stv\u00ed Jsme experti, pokud \u0159e\u0161\u00edte st\u0159echu U n\u00e1s dostanete ve\u0161ker\u00e9 informace proto, aby Va\u0161e rozhodnut\u00ed sm\u011b\u0159ovalo k Va\u0161emu c\u00edli i v oboru, kter\u00e9mu patrn\u011b upln\u011b nerozum\u00edte. Jsme tu pro V\u00e1s&#8230;. Kontaktujte n\u00e1s FVE Petrovick\u00e1 134, \u00dast\u00ed nad Labem<\/p>\n","protected":false},"author":1,"featured_media":0,"parent":0,"menu_order":0,"comment_status":"closed","ping_status":"closed","template":"elementor_header_footer","meta":{"footnotes":""},"class_list":["post-60432","page","type-page","status-publish","hentry"],"_links":{"self":[{"href":"https:\/\/www.fi-janousek.cz\/index.php?rest_route=\/wp\/v2\/pages\/60432","targetHints":{"allow":["GET"]}}],"collection":[{"href":"https:\/\/www.fi-janousek.cz\/index.php?rest_route=\/wp\/v2\/pages"}],"about":[{"href":"https:\/\/www.fi-janousek.cz\/index.php?rest_route=\/wp\/v2\/types\/page"}],"author":[{"embeddable":true,"href":"https:\/\/www.fi-janousek.cz\/index.php?rest_route=\/wp\/v2\/users\/1"}],"replies":[{"embeddable":true,"href":"https:\/\/www.fi-janousek.cz\/index.php?rest_route=%2Fwp%2Fv2%2Fcomments&post=60432"}],"version-history":[{"count":134,"href":"https:\/\/www.fi-janousek.cz\/index.php?rest_route=\/wp\/v2\/pages\/60432\/revisions"}],"predecessor-version":[{"id":76848,"href":"https:\/\/www.fi-janousek.cz\/index.php?rest_route=\/wp\/v2\/pages\/60432\/revisions\/76848"}],"wp:attachment":[{"href":"https:\/\/www.fi-janousek.cz\/index.php?rest_route=%2Fwp%2Fv2%2Fmedia&parent=60432"}],"curies":[{"name":"wp","href":"https:\/\/api.w.org\/{rel}","templated":true}]}}