{"id":65297,"date":"2023-05-25T10:09:26","date_gmt":"2023-05-25T10:09:26","guid":{"rendered":"http:\/\/192.168.0.134:10005\/?page_id=65297"},"modified":"2023-08-17T08:38:52","modified_gmt":"2023-08-17T08:38:52","slug":"kontakt","status":"publish","type":"page","link":"https:\/\/www.fi-janousek.cz\/?page_id=65297","title":{"rendered":"Kontakt"},"content":{"rendered":"\t\t<div data-elementor-type=\"wp-page\" data-elementor-id=\"65297\" class=\"elementor elementor-65297\">\n\t\t\t\t\t\t<section class=\"default no-position show_shadow elementor-section elementor-top-section elementor-element elementor-element-58e6ef7 elementor-section-stretched elementor-section-boxed elementor-section-height-default elementor-section-height-default\" data-id=\"58e6ef7\" data-element_type=\"section\" data-settings=\"{&quot;stretch_section&quot;:&quot;section-stretched&quot;,&quot;background_background&quot;:&quot;classic&quot;}\">\n\t\t\t\t\t\t<div class=\"elementor-container elementor-column-gap-default\">\n\t\t\t\t\t<div class=\"elementor-column elementor-col-100 elementor-top-column elementor-element elementor-element-d87c958\" data-id=\"d87c958\" data-element_type=\"column\">\n\t\t\t<div class=\"elementor-widget-wrap elementor-element-populated\">\n\t\t\t\t\t\t<section class=\"default no-position show_shadow elementor-section elementor-inner-section elementor-element elementor-element-32e1576 elementor-section-boxed elementor-section-height-default elementor-section-height-default\" data-id=\"32e1576\" data-element_type=\"section\">\n\t\t\t\t\t\t<div class=\"elementor-container elementor-column-gap-default\">\n\t\t\t\t\t<div class=\"elementor-column elementor-col-33 elementor-inner-column elementor-element elementor-element-95a176f\" data-id=\"95a176f\" data-element_type=\"column\">\n\t\t\t<div class=\"elementor-widget-wrap elementor-element-populated\">\n\t\t\t\t\t\t<div class=\"elementor-element elementor-element-6187f78 footer-contact-box elementor-widget__width-auto elementor-widget-mobile__width-inherit elementor-widget elementor-widget-rs-contact-box\" data-id=\"6187f78\" data-element_type=\"widget\" data-widget_type=\"rs-contact-box.default\">\n\t\t\t\t<div class=\"elementor-widget-container\">\n\t\t\t\t\t\t\t\r\n\r\n\t\t<!-- Style 1 Start -->\r\n\t\t<div class=\"rs-contact-box\">\r\n\r\n\t\t\t\t\t\t<div class=\"address-item boxstyle2\">\r\n\r\n\t\t\t\t\t\t\t            <div class=\"address-icon icon_1 elementor-repeater-item-89d6a47\">\r\n\t\t            \t\t\t            \t\t<img decoding=\"async\" src=\"https:\/\/demo.rstheme.com\/wordpress\/roofio\/wp-content\/uploads\/2023\/05\/location-2-1.png\" alt=\"Contact Title\" \/>\r\n\t\t            \t\t\t            <\/div>\r\n\t\t            \r\n\t\t            <div class=\"address-text\">\r\n\t\t            \t\t\t            \t<div class=\"text\">\r\n\t\t            \t\t\t\t            \t\t <span class=\"label\">Adresa provozovny<\/span>\r\n\t\t            \t\t\t\t\t\t\t\t\t\t\t            \t\t\t\t            \t\t<span class=\"des\">\r\n\t\t\t\t                \u00dast\u00ed nad Labem, Petrovick\u00e1 134\t\t\t\t            <\/span>\r\n\t\t\t\t            \t\t\t\t\t\t\t\t\t\t            <\/div>\r\n\t\t\t       \t\t\t\t\t\t\t\t   \r\n\r\n\r\n\t\t            \t\t\t\t\t\t\t   \r\n\r\n\t\t            \t\t\t\t\t\t\t   \r\n\t\t            <\/div>\r\n\t\t\t\t\t<span class=\"des-right-icon\"><\/span>\r\n\t\t        <\/div>\r\n\t\t\t\t\t<\/div>\r\n\r\n\t<!-- Style 1 End -->\t\r\n\t\t\r\n\t\t\t\t\t<\/div>\n\t\t\t\t<\/div>\n\t\t\t\t\t<\/div>\n\t\t<\/div>\n\t\t\t\t<div class=\"elementor-column elementor-col-33 elementor-inner-column elementor-element elementor-element-4d8c1f7\" data-id=\"4d8c1f7\" data-element_type=\"column\">\n\t\t\t<div class=\"elementor-widget-wrap elementor-element-populated\">\n\t\t\t\t\t\t<div class=\"elementor-element elementor-element-6b3ce68 footer-contact-box elementor-widget__width-auto elementor-widget-mobile__width-inherit elementor-widget elementor-widget-rs-contact-box\" data-id=\"6b3ce68\" data-element_type=\"widget\" data-widget_type=\"rs-contact-box.default\">\n\t\t\t\t<div class=\"elementor-widget-container\">\n\t\t\t\t\t\t\t\r\n\r\n\t\t<!-- Style 1 Start -->\r\n\t\t<div class=\"rs-contact-box\">\r\n\r\n\t\t\t\t\t\t<div class=\"address-item boxstyle2\">\r\n\r\n\t\t\t\t\t\t\t            <div class=\"address-icon icon_1 elementor-repeater-item-89d6a47\">\r\n\t\t            \t\t\t            \t\t<img decoding=\"async\" src=\"https:\/\/demo.rstheme.com\/wordpress\/roofio\/wp-content\/uploads\/2023\/05\/email-2.png\" alt=\"Contact Title\" \/>\r\n\t\t            \t\t\t            <\/div>\r\n\t\t            \r\n\t\t            <div class=\"address-text\">\r\n\t\t            \t\t\t            \t<div class=\"text\">\r\n\t\t            \t\t\t\t            \t\t <span class=\"label\">Pi\u0161te na email<\/span>\r\n\t\t            \t\t\t\t\t\t\t\t\t\t\t            \t\t\t\t            \t\t<span class=\"des\">\r\n\t\t\t\t                fi.janousek@volny.cz\t\t\t\t            <\/span>\r\n\t\t\t\t            \t\t\t\t\t\t\t\t\t\t            <\/div>\r\n\t\t\t       \t\t\t\t\t\t\t\t   \r\n\r\n\r\n\t\t            \t\t\t\t\t\t\t   \r\n\r\n\t\t            \t\t\t\t\t\t\t   \r\n\t\t            <\/div>\r\n\t\t\t\t\t<span class=\"des-right-icon\"><\/span>\r\n\t\t        <\/div>\r\n\t\t\t\t\t<\/div>\r\n\r\n\t<!-- Style 1 End -->\t\r\n\t\t\r\n\t\t\t\t\t<\/div>\n\t\t\t\t<\/div>\n\t\t\t\t\t<\/div>\n\t\t<\/div>\n\t\t\t\t<div class=\"elementor-column elementor-col-33 elementor-inner-column elementor-element elementor-element-d76ee5e\" data-id=\"d76ee5e\" data-element_type=\"column\">\n\t\t\t<div class=\"elementor-widget-wrap elementor-element-populated\">\n\t\t\t\t\t\t<div class=\"elementor-element elementor-element-e3154ab footer-contact-box elementor-widget__width-auto elementor-widget-mobile__width-inherit elementor-widget elementor-widget-rs-contact-box\" data-id=\"e3154ab\" data-element_type=\"widget\" data-widget_type=\"rs-contact-box.default\">\n\t\t\t\t<div class=\"elementor-widget-container\">\n\t\t\t\t\t\t\t\r\n\r\n\t\t<!-- Style 1 Start -->\r\n\t\t<div class=\"rs-contact-box\">\r\n\r\n\t\t\t\t\t\t<div class=\"address-item boxstyle2\">\r\n\r\n\t\t\t\t\t\t\t            <div class=\"address-icon icon_1 elementor-repeater-item-89d6a47\">\r\n\t\t            \t\t\t            \t\t<img decoding=\"async\" src=\"https:\/\/demo.rstheme.com\/wordpress\/roofio\/wp-content\/uploads\/2023\/05\/phone-call-2-1.png\" alt=\"Contact Title\" \/>\r\n\t\t            \t\t\t            <\/div>\r\n\t\t            \r\n\t\t            <div class=\"address-text\">\r\n\t\t            \t\t\t            \t<div class=\"text\">\r\n\t\t            \t\t\t\t            \t\t <span class=\"label\">Volejte<\/span>\r\n\t\t            \t\t\t\t\t\t\t\t\t\t\t            \t\t\t\t            \t\t<span class=\"des\">\r\n\t\t\t\t                +420 602 147 304\t\t\t\t            <\/span>\r\n\t\t\t\t            \t\t\t\t\t\t\t\t\t\t            <\/div>\r\n\t\t\t       \t\t\t\t\t\t\t\t   \r\n\r\n\r\n\t\t            \t\t\t\t\t\t\t   \r\n\r\n\t\t            \t\t\t\t\t\t\t   \r\n\t\t            <\/div>\r\n\t\t\t\t\t<span class=\"des-right-icon\"><\/span>\r\n\t\t        <\/div>\r\n\t\t\t\t\t<\/div>\r\n\r\n\t<!-- Style 1 End -->\t\r\n\t\t\r\n\t\t\t\t\t<\/div>\n\t\t\t\t<\/div>\n\t\t\t\t\t<\/div>\n\t\t<\/div>\n\t\t\t\t\t<\/div>\n\t\t<\/section>\n\t\t\t\t\t<\/div>\n\t\t<\/div>\n\t\t\t\t\t<\/div>\n\t\t<\/section>\n\t\t\t\t<section class=\"default no-position show_shadow elementor-section elementor-top-section elementor-element elementor-element-e017107 elementor-section-boxed elementor-section-height-default elementor-section-height-default\" data-id=\"e017107\" data-element_type=\"section\">\n\t\t\t\t\t\t<div class=\"elementor-container elementor-column-gap-default\">\n\t\t\t\t\t<div class=\"elementor-column elementor-col-100 elementor-top-column elementor-element elementor-element-49ea79a\" data-id=\"49ea79a\" data-element_type=\"column\">\n\t\t\t<div class=\"elementor-widget-wrap elementor-element-populated\">\n\t\t\t\t\t\t<section class=\"default no-position show_shadow elementor-section elementor-inner-section elementor-element elementor-element-fb2502a elementor-section-boxed elementor-section-height-default elementor-section-height-default\" data-id=\"fb2502a\" data-element_type=\"section\">\n\t\t\t\t\t\t<div class=\"elementor-container elementor-column-gap-default\">\n\t\t\t\t\t<div class=\"elementor-column elementor-col-50 elementor-inner-column elementor-element elementor-element-c057bac\" data-id=\"c057bac\" data-element_type=\"column\">\n\t\t\t<div class=\"elementor-widget-wrap elementor-element-populated\">\n\t\t\t\t\t\t<section class=\"default no-position show_shadow elementor-section elementor-inner-section elementor-element elementor-element-273cf45 elementor-section-boxed elementor-section-height-default elementor-section-height-default\" data-id=\"273cf45\" data-element_type=\"section\" data-settings=\"{&quot;background_background&quot;:&quot;classic&quot;}\">\n\t\t\t\t\t\t<div class=\"elementor-container elementor-column-gap-default\">\n\t\t\t\t\t<div class=\"elementor-column elementor-col-100 elementor-inner-column elementor-element elementor-element-30a4ee5\" data-id=\"30a4ee5\" data-element_type=\"column\">\n\t\t\t<div class=\"elementor-widget-wrap elementor-element-populated\">\n\t\t\t\t\t\t<div class=\"elementor-element elementor-element-6f6f890 elementor-widget__width-initial elementor-widget elementor-widget-rs-heading\" data-id=\"6f6f890\" data-element_type=\"widget\" data-widget_type=\"rs-heading.default\">\n\t\t\t\t<div class=\"elementor-widget-container\">\n\t\t\t\t\t\n        <div class=\"prelements-heading style13 animate-default left normal_color  subnormal_color dots_ subnormal_color\">\n        \t<div class=\"title-inner\">      \t\t\n\t            <span class=\"sub-text\"> \n\t\t\t<img decoding=\"async\" src=\"https:\/\/demo.rstheme.com\/wordpress\/roofio\/wp-content\/uploads\/2023\/05\/logo_icon.png\" alt=\"icon\">   Pro\u010d zvolit pr\u00e1v\u011b n\u00e1s  <\/span>\t\t\t\t\n\t\t\t\t\t        <\/div>\n\t                <\/div>\n        \t\t\t\t<\/div>\n\t\t\t\t<\/div>\n\t\t\t\t<div class=\"elementor-element elementor-element-b1f1bb8 contact-home-2 elementor-widget__width-initial elementor-widget elementor-widget-rs-cf7\" data-id=\"b1f1bb8\" data-element_type=\"widget\" data-widget_type=\"rs-cf7.default\">\n\t\t\t\t<div class=\"elementor-widget-container\">\n\t\t\t\t\t\n<div class=\"wpcf7 no-js\" id=\"wpcf7-f68820-o1\" lang=\"cs-CZ\" dir=\"ltr\" data-wpcf7-id=\"68820\">\n<div class=\"screen-reader-response\"><p role=\"status\" aria-live=\"polite\" aria-atomic=\"true\"><\/p> <ul><\/ul><\/div>\n<form action=\"\/index.php?rest_route=%2Fwp%2Fv2%2Fpages%2F65297#wpcf7-f68820-o1\" method=\"post\" class=\"wpcf7-form init\" aria-label=\"Kontaktn\u00ed formul\u00e1\u0159\" novalidate=\"novalidate\" data-status=\"init\">\n<fieldset class=\"hidden-fields-container\"><input type=\"hidden\" name=\"_wpcf7\" value=\"68820\" \/><input type=\"hidden\" name=\"_wpcf7_version\" value=\"6.1.2\" \/><input type=\"hidden\" name=\"_wpcf7_locale\" value=\"cs_CZ\" \/><input type=\"hidden\" name=\"_wpcf7_unit_tag\" value=\"wpcf7-f68820-o1\" \/><input type=\"hidden\" name=\"_wpcf7_container_post\" value=\"0\" \/><input type=\"hidden\" name=\"_wpcf7_posted_data_hash\" value=\"\" \/>\n<\/fieldset>\n<p><label> Va\u0161e jm\u00e9no<br \/>\n<span class=\"wpcf7-form-control-wrap\" data-name=\"your-name\"><input size=\"40\" maxlength=\"400\" class=\"wpcf7-form-control wpcf7-text wpcf7-validates-as-required\" autocomplete=\"name\" aria-required=\"true\" aria-invalid=\"false\" value=\"\" type=\"text\" name=\"your-name\" \/><\/span> <\/label>\n<\/p>\n<p><label> V\u00e1\u0161 e-mail<br \/>\n<span class=\"wpcf7-form-control-wrap\" data-name=\"your-email\"><input size=\"40\" maxlength=\"400\" class=\"wpcf7-form-control wpcf7-email wpcf7-validates-as-required wpcf7-text wpcf7-validates-as-email\" autocomplete=\"email\" aria-required=\"true\" aria-invalid=\"false\" value=\"\" type=\"email\" name=\"your-email\" \/><\/span> <\/label>\n<\/p>\n<p><label> P\u0159edm\u011bt<br \/>\n<span class=\"wpcf7-form-control-wrap\" data-name=\"your-subject\"><input size=\"40\" maxlength=\"400\" class=\"wpcf7-form-control wpcf7-text wpcf7-validates-as-required\" aria-required=\"true\" aria-invalid=\"false\" value=\"\" type=\"text\" name=\"your-subject\" \/><\/span> <\/label>\n<\/p>\n<p><label> Va\u0161e zpr\u00e1va (voliteln\u00fd)<br \/>\n<span class=\"wpcf7-form-control-wrap\" data-name=\"your-message\"><textarea cols=\"40\" rows=\"10\" maxlength=\"2000\" class=\"wpcf7-form-control wpcf7-textarea\" aria-invalid=\"false\" name=\"your-message\"><\/textarea><\/span> <\/label>\n<\/p>\n<p><input class=\"wpcf7-form-control wpcf7-submit has-spinner\" type=\"submit\" value=\"Odeslat\" \/>\n<\/p><p style=\"display: none !important;\" class=\"akismet-fields-container\" data-prefix=\"_wpcf7_ak_\"><label>&#916;<textarea name=\"_wpcf7_ak_hp_textarea\" cols=\"45\" rows=\"8\" maxlength=\"100\"><\/textarea><\/label><input type=\"hidden\" id=\"ak_js_1\" name=\"_wpcf7_ak_js\" value=\"182\"\/><script>document.getElementById( \"ak_js_1\" ).setAttribute( \"value\", ( new Date() ).getTime() );<\/script><\/p><div class=\"wpcf7-response-output\" aria-hidden=\"true\"><\/div>\n<\/form>\n<\/div>\n\t\t\t\t<\/div>\n\t\t\t\t<\/div>\n\t\t\t\t\t<\/div>\n\t\t<\/div>\n\t\t\t\t\t<\/div>\n\t\t<\/section>\n\t\t\t\t\t<\/div>\n\t\t<\/div>\n\t\t\t\t<div class=\"elementor-column elementor-col-50 elementor-inner-column elementor-element elementor-element-fc8db03\" data-id=\"fc8db03\" data-element_type=\"column\">\n\t\t\t<div class=\"elementor-widget-wrap elementor-element-populated\">\n\t\t\t\t\t\t<div class=\"elementor-element elementor-element-c642930 elementor-widget__width-initial elementor-widget-tablet__width-inherit elementor-widget elementor-widget-google_maps\" data-id=\"c642930\" data-element_type=\"widget\" data-widget_type=\"google_maps.default\">\n\t\t\t\t<div class=\"elementor-widget-container\">\n\t\t\t\t\t\t\t<div class=\"elementor-custom-embed\">\n\t\t\t<iframe loading=\"lazy\"\n\t\t\t\t\tsrc=\"https:\/\/maps.google.com\/maps?q=%C3%BAst%C3%AD%20nad%20labem&#038;t=m&#038;z=12&#038;output=embed&#038;iwloc=near\"\n\t\t\t\t\ttitle=\"\u00fast\u00ed nad labem\"\n\t\t\t\t\taria-label=\"\u00fast\u00ed nad labem\"\n\t\t\t><\/iframe>\n\t\t<\/div>\n\t\t\t\t\t\t<\/div>\n\t\t\t\t<\/div>\n\t\t\t\t\t<\/div>\n\t\t<\/div>\n\t\t\t\t\t<\/div>\n\t\t<\/section>\n\t\t\t\t\t<\/div>\n\t\t<\/div>\n\t\t\t\t\t<\/div>\n\t\t<\/section>\n\t\t\t\t<\/div>\n\t\t","protected":false},"excerpt":{"rendered":"<p>Adresa provozovny \u00dast\u00ed nad Labem, Petrovick\u00e1 134 Pi\u0161te na email fi.janousek@volny.cz Volejte +420 602 147 304 Pro\u010d zvolit pr\u00e1v\u011b n\u00e1s Va\u0161e jm\u00e9no V\u00e1\u0161 e-mail P\u0159edm\u011bt Va\u0161e zpr\u00e1va (voliteln\u00fd) &#916;<\/p>\n","protected":false},"author":1,"featured_media":0,"parent":0,"menu_order":0,"comment_status":"closed","ping_status":"closed","template":"elementor_header_footer","meta":{"footnotes":""},"class_list":["post-65297","page","type-page","status-publish","hentry"],"_links":{"self":[{"href":"https:\/\/www.fi-janousek.cz\/index.php?rest_route=\/wp\/v2\/pages\/65297","targetHints":{"allow":["GET"]}}],"collection":[{"href":"https:\/\/www.fi-janousek.cz\/index.php?rest_route=\/wp\/v2\/pages"}],"about":[{"href":"https:\/\/www.fi-janousek.cz\/index.php?rest_route=\/wp\/v2\/types\/page"}],"author":[{"embeddable":true,"href":"https:\/\/www.fi-janousek.cz\/index.php?rest_route=\/wp\/v2\/users\/1"}],"replies":[{"embeddable":true,"href":"https:\/\/www.fi-janousek.cz\/index.php?rest_route=%2Fwp%2Fv2%2Fcomments&post=65297"}],"version-history":[{"count":22,"href":"https:\/\/www.fi-janousek.cz\/index.php?rest_route=\/wp\/v2\/pages\/65297\/revisions"}],"predecessor-version":[{"id":76724,"href":"https:\/\/www.fi-janousek.cz\/index.php?rest_route=\/wp\/v2\/pages\/65297\/revisions\/76724"}],"wp:attachment":[{"href":"https:\/\/www.fi-janousek.cz\/index.php?rest_route=%2Fwp%2Fv2%2Fmedia&parent=65297"}],"curies":[{"name":"wp","href":"https:\/\/api.w.org\/{rel}","templated":true}]}}